{"id":476,"date":"2017-06-13T04:11:50","date_gmt":"2017-06-13T04:11:50","guid":{"rendered":"https:\/\/demo.themegrill.com\/suffice\/?page_id=5"},"modified":"2022-12-13T21:14:55","modified_gmt":"2022-12-13T20:14:55","slug":"accueil","status":"publish","type":"page","link":"https:\/\/infirmierebievillebeuville.fr\/","title":{"rendered":"Accueil"},"content":{"rendered":"<div id=\"pl-476\"  class=\"panel-layout\" ><div id=\"pg-476-0\"  class=\"panel-grid panel-has-style\" ><div class=\"siteorigin-panels-stretch panel-row-style panel-row-style-for-476-0\" data-stretch-type=\"full-stretched\" ><div id=\"pgc-476-0-0\"  class=\"panel-grid-cell\" ><div id=\"panel-476-0-0-0\" class=\"so-panel widget widget_themegrill_suffice_slider tg-section tg-slider-widget panel-first-child panel-last-child\" data-index=\"0\" >\n\t<div class=\"slider slider-hide-controls slider-controls-flat slider-height--default\">\n\t\t<div class=\"swiper-container\" data-swiper-autoplay=\"true\">\n\t\t\t<div class=\"swiper-wrapper\">\n\t\t\t\t\t\t\t\t\t\t<div class=\"swiper-slide\">\n\t\t\t\t\t\t\t<div class=\"slider-content slider-content-thin slider-content--center\">\n\t\t\t\t\t\t\t\t<div class=\"container\">\n\t\t\t\t\t\t\t\t\t<div class=\"slider-content-inner\">\n\t\t\t\t\t\t\t\t\t\t\t\t\t\t\t\t\t\t\t\t\t<h3 class=\"slider-title\">INFIRMI\u00c8RES BI\u00c9VILLE-BEUVILLE<\/h3>\n\t\t\t\t\t\t\t\t\t\t\n\t\t\t\t\t\t\t\t\t\t\t\t\t\t\t\t\t\t\t\t\t<p class=\"slider-description\">BIENVENUE SUR LE SITE INTERNET DU CABINET INFIRMIER<\/p>\n\t\t\t\t\t\t\t\t\t\t\n\t\t\t\t\t\t\t\t\t\t\t\t\t\t\t\t\t\t\t<\/div> <!-- slider-content-inner -->\n\t\t\t\t\t\t\t\t<\/div> <!-- .container -->\n\t\t\t\t\t\t\t<\/div> <!-- .slider-content -->\n\t\t\t\t\t\t\t<figure class=\"slider-thumbnail\">\n\t\t\t\t\t\t\t\t<img src=\"https:\/\/themegrilldemos.com\/suffice\/wp-content\/uploads\/sites\/59\/2017\/06\/main-slider.jpg\" alt=\"INFIRMI\u00c8RES BI\u00c9VILLE-BEUVILLE\" \/>\n\t\t\t\t\t\t\t<\/figure>\n\t\t\t\t\t\t<\/div> <!-- swiper-slide -->\n\t\t\t\t\t\t\t\t\t<\/div> <!-- end swiper-wrapper -->\n\n\t\t\t<div class=\"swiper-pagination\"><\/div>\n\t\t\t<div class=\"swiper-button-next\"><\/div>\n\t\t\t<div class=\"swiper-button-prev\"><\/div>\n\t\t<\/div> <!-- end swiper-container -->\n\n\t<\/div> <!-- end slider -->\n<\/div><\/div><\/div><\/div><div id=\"pg-476-1\"  class=\"panel-grid panel-has-style\" ><div class=\"siteorigin-panels-stretch panel-row-style panel-row-style-for-476-1\" id=\"actu\" data-stretch-type=\"full\" ><div id=\"pgc-476-1-0\"  class=\"panel-grid-cell\" ><div id=\"panel-476-1-0-0\" class=\"so-panel widget widget_themegrill_suffice_title tg-title-container panel-first-child\" data-index=\"1\" ><div class=\"title title-default title-center\">\n\t<h3 class=\"title-title\">Actualit\u00e9s<\/h3>\n\n\t\n\t\n\t<\/div>\n<\/div><div id=\"panel-476-1-0-1\" class=\"so-panel widget widget_text panel-last-child\" data-index=\"2\" >\t\t\t<div class=\"textwidget\"><p>PERMANENCES VACCINATIONS:<\/p>\n<ul>\n<li>Pour la grippe: du lundi au vendredi de 17h \u00e0 18h sans rendez-vous.<\/li>\n<\/ul>\n<p>DEPISTAGE COVID:<\/p>\n<p>RT-PCR nasopharyng\u00e9 ou salivaire en collaboration avec le laboratoire des Carmes et tests rapides antig\u00e9niques.<\/p>\n<\/div>\n\t\t<\/div><\/div><\/div><\/div><div id=\"pg-476-2\"  class=\"panel-grid panel-has-style\" ><div class=\"siteorigin-panels-stretch panel-row-style panel-row-style-for-476-2\" data-stretch-type=\"full\" ><div id=\"pgc-476-2-0\"  class=\"panel-grid-cell\" ><div id=\"panel-476-2-0-0\" class=\"so-panel widget widget_siteorigin-panels-builder panel-first-child panel-last-child\" data-index=\"3\" ><div id=\"soins\" class=\"panel-widget-style panel-widget-style-for-476-2-0-0\" ><div id=\"pl-w615a1627955be\"  class=\"panel-layout\" ><div id=\"pg-w615a1627955be-0\"  class=\"panel-grid panel-no-style\" ><div id=\"pgc-w615a1627955be-0-0\"  class=\"panel-grid-cell\" ><div id=\"panel-w615a1627955be-0-0-0\" class=\"so-panel widget widget_themegrill_suffice_title tg-title-container panel-first-child panel-last-child\" data-index=\"0\" ><div class=\"panel-widget-style panel-widget-style-for-w615a1627955be-0-0-0\" ><div class=\"title title-default title-center\">\n\t<h3 class=\"title-title\">Les soins infirmiers<\/h3>\n\n\t\n\t\n\t<\/div>\n<\/div><\/div><\/div><\/div><div id=\"pg-w615a1627955be-1\"  class=\"panel-grid panel-no-style\" ><div id=\"pgc-w615a1627955be-1-0\"  class=\"panel-grid-cell\" ><div id=\"panel-w615a1627955be-1-0-0\" class=\"so-panel widget widget_themegrill_suffice_iconbox tg-iconbox-container panel-first-child panel-last-child\" data-index=\"1\" ><div class=\"icon-box icon-box-center icon-box-hexagon\">\n\t\t\t<div class=\"icon-box-icon\" style=color:#ffffff;font-size:45px;background-color:#a0c695;>\n\t\t\t<div class=\"icon-box-icon-container\">\n\t\t\t\t<div class=\"icon-box-inner-icon\">\n\t\t\t\t\t<i class=\"fa fa-calendar-check-o\"><\/i>\n\t\t\t\t<\/div>\n\t\t\t<\/div>\n\t\t<\/div>\n\t\t\t<div class=\"icon-box-description\">\n\t\t\t\t\t<h5 class=\"icon-box-title\">A domicile<\/h5>\n\t\t\t\t\t\t\t<p class=\"icon-box-content\">Soins \u00e0 domicile sur rendez-vous 7 jours sur 7<\/p>\n\t\t\t\t\t\t\t<a class=\"icon-box-readmore\" href=\"#\"><\/a>\n\t\t\t<\/div>\n<\/div> <!-- end icon-box -->\n<\/div><\/div><div id=\"pgc-w615a1627955be-1-1\"  class=\"panel-grid-cell\" ><div id=\"panel-w615a1627955be-1-1-0\" class=\"so-panel widget widget_themegrill_suffice_iconbox tg-iconbox-container panel-first-child panel-last-child\" data-index=\"2\" ><div class=\"icon-box icon-box-center icon-box-hexagon\">\n\t\t\t<div class=\"icon-box-icon\" style=color:#ffffff;font-size:45px;background-color:#7be0f2;>\n\t\t\t<div class=\"icon-box-icon-container\">\n\t\t\t\t<div class=\"icon-box-inner-icon\">\n\t\t\t\t\t<i class=\"fa fa-home\"><\/i>\n\t\t\t\t<\/div>\n\t\t\t<\/div>\n\t\t<\/div>\n\t\t\t<div class=\"icon-box-description\">\n\t\t\t\t\t<h5 class=\"icon-box-title\">Au cabinet<\/h5>\n\t\t\t\t\t\t\t<p class=\"icon-box-content\">Soins sans rendez-vous: permanence du lundi au vendredi de 17h00 \u00e0 18h00<\/p>\n\t\t\t\t\t\t\t<a class=\"icon-box-readmore\" href=\"#\"><\/a>\n\t\t\t<\/div>\n<\/div> <!-- end icon-box -->\n<\/div><\/div><\/div><\/div><\/div><\/div><\/div><\/div><\/div><div id=\"pg-476-3\"  class=\"panel-grid panel-has-style\" ><div class=\"siteorigin-panels-stretch panel-row-style panel-row-style-for-476-3\" data-stretch-type=\"full\" ><div id=\"pgc-476-3-0\"  class=\"panel-grid-cell\" ><div id=\"panel-476-3-0-0\" class=\"so-panel widget widget_themegrill_suffice_title tg-title-container panel-first-child\" data-index=\"4\" ><div id=\"Contact\" class=\"panel-widget-style panel-widget-style-for-476-3-0-0\" ><div class=\"title title-default title-center\">\n\t<h3 class=\"title-title\">Nous contacter<\/h3>\n\n\t\n\t\n\t<\/div>\n<\/div><\/div><div id=\"panel-476-3-0-1\" class=\"so-panel widget widget_siteorigin-panels-builder panel-last-child\" data-index=\"5\" ><div id=\"pl-w614a4c4548a40\"  class=\"panel-layout\" ><div id=\"pg-w614a4c4548a40-0\"  class=\"panel-grid panel-no-style\" ><div id=\"pgc-w614a4c4548a40-0-0\"  class=\"panel-grid-cell\" ><div id=\"panel-w614a4c4548a40-0-0-0\" class=\"so-panel widget widget_themegrill_suffice_iconbox tg-iconbox-container panel-first-child panel-last-child\" data-index=\"0\" ><div class=\"icon-box icon-box-center icon-box-hexagon\">\n\t\t\t<div class=\"icon-box-icon\" style=font-size:45px;background-color:#d69f3a;>\n\t\t\t<div class=\"icon-box-icon-container\">\n\t\t\t\t<div class=\"icon-box-inner-icon\">\n\t\t\t\t\t<i class=\"fa fa-phone\"><\/i>\n\t\t\t\t<\/div>\n\t\t\t<\/div>\n\t\t<\/div>\n\t\t\t<div class=\"icon-box-description\">\n\t\t\t\t\t<h5 class=\"icon-box-title\">T\u00e9l\u00e9phone<\/h5>\n\t\t\t\t\t\t\t<p class=\"icon-box-content\">02.31.44.31.87<\/p>\n\t\t\t\t\t<\/div>\n<\/div> <!-- end icon-box -->\n<\/div><\/div><div id=\"pgc-w614a4c4548a40-0-1\"  class=\"panel-grid-cell\" ><div id=\"panel-w614a4c4548a40-0-1-0\" class=\"so-panel widget widget_themegrill_suffice_iconbox tg-iconbox-container panel-first-child panel-last-child\" data-index=\"1\" ><div class=\"icon-box icon-box-center icon-box-hexagon\">\n\t\t\t<div class=\"icon-box-icon\" style=font-size:45px;background-color:#c34f5a;>\n\t\t\t<div class=\"icon-box-icon-container\">\n\t\t\t\t<div class=\"icon-box-inner-icon\">\n\t\t\t\t\t<i class=\"fa fa-map-marker\"><\/i>\n\t\t\t\t<\/div>\n\t\t\t<\/div>\n\t\t<\/div>\n\t\t\t<div class=\"icon-box-description\">\n\t\t\t\t\t<h5 class=\"icon-box-title\">Adresse<\/h5>\n\t\t\t\t\t\t\t<p class=\"icon-box-content\">20 rue des \u00e9coles - 14 112 Bi\u00e9ville-Beuville<\/p>\n\t\t\t\t\t<\/div>\n<\/div> <!-- end icon-box -->\n<\/div><\/div><div id=\"pgc-w614a4c4548a40-0-2\"  class=\"panel-grid-cell\" ><div id=\"panel-w614a4c4548a40-0-2-0\" class=\"so-panel widget widget_themegrill_suffice_iconbox tg-iconbox-container panel-first-child panel-last-child\" data-index=\"2\" ><div class=\"icon-box icon-box-center icon-box-hexagon\">\n\t\t\t<div class=\"icon-box-icon\" style=font-size:45px;background-color:#541412;>\n\t\t\t<div class=\"icon-box-icon-container\">\n\t\t\t\t<div class=\"icon-box-inner-icon\">\n\t\t\t\t\t<i class=\"fa fa-envelope\"><\/i>\n\t\t\t\t<\/div>\n\t\t\t<\/div>\n\t\t<\/div>\n\t\t\t<div class=\"icon-box-description\">\n\t\t\t\t\t<h5 class=\"icon-box-title\">Email<\/h5>\n\t\t\t\t\t\t\t<p class=\"icon-box-content\">infirmierebievillebeuville@gmail.com<\/p>\n\t\t\t\t\t<\/div>\n<\/div> <!-- end icon-box -->\n<\/div><\/div><\/div><\/div><\/div><\/div><\/div><\/div><div id=\"pg-476-4\"  class=\"panel-grid panel-has-style\" ><div class=\"siteorigin-panels-stretch panel-row-style panel-row-style-for-476-4\" data-stretch-type=\"full-stretched-padded\" ><div id=\"pgc-476-4-0\"  class=\"panel-grid-cell\" ><div id=\"panel-476-4-0-0\" class=\"widget_text so-panel widget widget_custom_html panel-first-child panel-last-child\" data-index=\"6\" ><div id=\"plan\" class=\"widget_text panel-widget-style panel-widget-style-for-476-4-0-0\" ><div class=\"textwidget custom-html-widget\"><div id=\"wpgmza_map\" class=\"wpgmza_map\" data-settings='{\"id\":\"1\",\"map_title\":\"Enregistrer la carte\",\"map_width\":\"100\",\"map_height\":\"400\",\"map_start_lat\":\"49.24100662896308\",\"map_start_lng\":\"-0.327640285581016\",\"map_start_location\":\"45.950464398418106,-109.81550500000003\",\"map_start_zoom\":\"17\",\"default_marker\":\"\",\"type\":\"0\",\"alignment\":\"4\",\"directions_enabled\":\"0\",\"styling_enabled\":\"0\",\"styling_json\":\"\",\"active\":\"0\",\"kml\":\"\",\"bicycle\":\"0\",\"traffic\":\"0\",\"dbox\":\"0\",\"dbox_width\":\"\",\"listmarkers\":\"0\",\"listmarkers_advanced\":\"0\",\"filterbycat\":\"0\",\"ugm_enabled\":\"0\",\"ugm_category_enabled\":\"0\",\"fusion\":\"\",\"map_width_type\":\"%\",\"map_height_type\":\"px\",\"mass_marker_support\":\"0\",\"ugm_access\":\"0\",\"order_markers_by\":\"0\",\"order_markers_choice\":\"0\",\"show_user_location\":\"0\",\"default_to\":\"\",\"other_settings\":{\"map_type\":1,\"sl_stroke_color\":\"\",\"sl_fill_color\":\"\",\"sl_stroke_opacity\":\"\",\"sl_fill_opacity\":\"\",\"transport_layer\":false,\"action\":\"wpgmza_save_map\",\"redirect_to\":\"\\\/wp-admin\\\/admin-post.php\",\"map_id\":\"1\",\"http_referer\":\"\\\/wp-admin\\\/admin.php?page=wp-google-maps-menu&amp;amp;action=edit&amp;amp;map_id=1\",\"wpgmza_id\":\"1\",\"wpgmza_start_location\":\"49.24100662896308,-0.327640285581016\",\"wpgmza_start_zoom\":\"17\",\"store_locator_enabled\":false,\"store_locator_search_area\":\"radial\",\"wpgmza_store_locator_radius_style\":\"legacy\",\"wpgmza_store_locator_default_radius\":\"10\",\"store_locator_auto_area_max_zoom\":\"\",\"store_locator_distance\":false,\"wpgmza_store_locator_position\":false,\"store_locator_show_distance\":false,\"store_locator_category\":false,\"wpgmza_store_locator_use_their_location\":false,\"wpgmza_store_locator_bounce\":false,\"wpgmza_sl_animation\":null,\"wpgmza_store_locator_hide_before_search\":false,\"store_locator_query_string\":\"\",\"store_locator_default_address\":\"\",\"store_locator_name_search\":false,\"store_locator_name_string\":\"\",\"store_locator_not_found_message\":\"\",\"wpgmza_map_align\":\"1\",\"jump_to_nearest_marker_on_initialization\":false,\"automatically_pan_to_users_location\":false,\"override_users_location_zoom_level\":false,\"override_users_location_zoom_levels\":\"\",\"show_distance_from_location\":false,\"map_max_zoom\":\"21\",\"map_min_zoom\":\"0\",\"click_open_link\":false,\"fit_maps_bounds_to_markers\":false,\"fit_maps_bounds_to_markers_after_filtering\":false,\"hide_point_of_interest\":false,\"wpgmza_zoom_on_marker_click\":false,\"wpgmza_zoom_on_marker_click_slider\":\"\",\"close_infowindow_on_map_click\":false,\"disable_lightbox_images\":false,\"use_Raw_Jpeg_Coordinates\":false,\"polygon_labels\":false,\"disable_polygon_info_windows\":false,\"enable_marker_ratings\":false,\"only_load_markers_within_viewport\":false,\"iw_primary_color\":\"\",\"iw_accent_color\":\"\",\"iw_text_color\":\"\",\"wpgmza_listmarkers_by\":\"0\",\"wpgmza_marker_listing_position\":false,\"zoom_level_on_marker_listing_override\":false,\"zoom_level_on_marker_listing_click\":\"\",\"datatable_no_result_message\":\"\",\"remove_search_box_datables\":false,\"dataTable_pagination_style\":null,\"datatable_search_string\":\"\",\"datatable_result_start\":\"\",\"datatable_result_of\":\"\",\"datatable_result_to\":\"\",\"datatable_result_total\":\"\",\"datatable_result_show\":\"\",\"datatable_result_entries\":\"\",\"wpgmza_savemap\":\"Enregistrer la carte \\u00bb\"}}' data-map-id='1' Data-maps-engine='open-layers' data-shortcode-attributes='{\"id\":\"1\"}' style=\"display:block; overflow:auto; width:100%; height:400px; float:left;\"><\/div><\/div><\/div><\/div><\/div><\/div><\/div><\/div>","protected":false},"excerpt":{"rendered":"<p>PERMANENCES VACCINATIONS: Pour la grippe: du lundi au vendredi de 17h \u00e0 18h sans rendez-vous. DEPISTAGE COVID: RT-PCR nasopharyng\u00e9 ou salivaire en collaboration avec le laboratoire des Carmes et tests rapides antig\u00e9niques.<\/p>\n","protected":false},"author":1,"featured_media":0,"parent":0,"menu_order":0,"comment_status":"closed","ping_status":"closed","template":"page-templates\/page-builder.php","meta":[],"yoast_head":"<!-- This site is optimized with the Yoast SEO plugin v17.6 - https:\/\/yoast.com\/wordpress\/plugins\/seo\/ -->\n<title>Cabinet infirmier - Bi\u00e9ville Beuville<\/title>\n<meta name=\"description\" content=\"Cabinet infirmier de Bi\u00e9ville-Beuville. Soins infirmiers \u00e0 domicile et au cabinet.\" \/>\n<meta name=\"robots\" content=\"index, follow, max-snippet:-1, max-image-preview:large, max-video-preview:-1\" \/>\n<link rel=\"canonical\" href=\"https:\/\/infirmierebievillebeuville.fr\/\" \/>\n<meta property=\"og:locale\" content=\"en_US\" \/>\n<meta property=\"og:type\" content=\"article\" \/>\n<meta property=\"og:title\" content=\"Cabinet infirmier - Bi\u00e9ville Beuville\" \/>\n<meta property=\"og:description\" content=\"Cabinet infirmier de Bi\u00e9ville-Beuville. Soins infirmiers \u00e0 domicile et au cabinet.\" \/>\n<meta property=\"og:url\" content=\"https:\/\/infirmierebievillebeuville.fr\/\" \/>\n<meta property=\"og:site_name\" content=\"Cabinet infirmier - Bi\u00e9ville Beuville\" \/>\n<meta property=\"article:modified_time\" content=\"2022-12-13T20:14:55+00:00\" \/>\n<meta name=\"twitter:card\" content=\"summary_large_image\" \/>\n<meta name=\"twitter:label1\" content=\"Est. reading time\" \/>\n\t<meta name=\"twitter:data1\" content=\"1 minute\" \/>\n<script type=\"application\/ld+json\" class=\"yoast-schema-graph\">{\"@context\":\"https:\/\/schema.org\",\"@graph\":[{\"@type\":\"WebSite\",\"@id\":\"https:\/\/infirmierebievillebeuville.fr\/#website\",\"url\":\"https:\/\/infirmierebievillebeuville.fr\/\",\"name\":\"Cabinet infirmier - Bi\\u00e9ville Beuville\",\"description\":\"20 Rue des \\u00c9coles - 14112 Bi\\u00e9ville-Beuville\",\"potentialAction\":[{\"@type\":\"SearchAction\",\"target\":{\"@type\":\"EntryPoint\",\"urlTemplate\":\"https:\/\/infirmierebievillebeuville.fr\/?s={search_term_string}\"},\"query-input\":\"required name=search_term_string\"}],\"inLanguage\":\"en-US\"},{\"@type\":\"WebPage\",\"@id\":\"https:\/\/infirmierebievillebeuville.fr\/#webpage\",\"url\":\"https:\/\/infirmierebievillebeuville.fr\/\",\"name\":\"Cabinet infirmier - Bi\\u00e9ville Beuville\",\"isPartOf\":{\"@id\":\"https:\/\/infirmierebievillebeuville.fr\/#website\"},\"datePublished\":\"2017-06-13T04:11:50+00:00\",\"dateModified\":\"2022-12-13T20:14:55+00:00\",\"description\":\"Cabinet infirmier de Bi\\u00e9ville-Beuville. Soins infirmiers \\u00e0 domicile et au cabinet.\",\"breadcrumb\":{\"@id\":\"https:\/\/infirmierebievillebeuville.fr\/#breadcrumb\"},\"inLanguage\":\"en-US\",\"potentialAction\":[{\"@type\":\"ReadAction\",\"target\":[\"https:\/\/infirmierebievillebeuville.fr\/\"]}]},{\"@type\":\"BreadcrumbList\",\"@id\":\"https:\/\/infirmierebievillebeuville.fr\/#breadcrumb\",\"itemListElement\":[{\"@type\":\"ListItem\",\"position\":1,\"name\":\"Home\",\"item\":\"https:\/\/infirmierebievillebeuville.fr\/\"},{\"@type\":\"ListItem\",\"position\":2,\"name\":\"Accueil\"}]}]}<\/script>\n<!-- \/ Yoast SEO plugin. -->","yoast_head_json":{"title":"Cabinet infirmier - Bi\u00e9ville Beuville","description":"Cabinet infirmier de Bi\u00e9ville-Beuville. Soins infirmiers \u00e0 domicile et au cabinet.","robots":{"index":"index","follow":"follow","max-snippet":"max-snippet:-1","max-image-preview":"max-image-preview:large","max-video-preview":"max-video-preview:-1"},"canonical":"https:\/\/infirmierebievillebeuville.fr\/","og_locale":"en_US","og_type":"article","og_title":"Cabinet infirmier - Bi\u00e9ville Beuville","og_description":"Cabinet infirmier de Bi\u00e9ville-Beuville. Soins infirmiers \u00e0 domicile et au cabinet.","og_url":"https:\/\/infirmierebievillebeuville.fr\/","og_site_name":"Cabinet infirmier - Bi\u00e9ville Beuville","article_modified_time":"2022-12-13T20:14:55+00:00","twitter_card":"summary_large_image","twitter_misc":{"Est. reading time":"1 minute"},"schema":{"@context":"https:\/\/schema.org","@graph":[{"@type":"WebSite","@id":"https:\/\/infirmierebievillebeuville.fr\/#website","url":"https:\/\/infirmierebievillebeuville.fr\/","name":"Cabinet infirmier - Bi\u00e9ville Beuville","description":"20 Rue des \u00c9coles - 14112 Bi\u00e9ville-Beuville","potentialAction":[{"@type":"SearchAction","target":{"@type":"EntryPoint","urlTemplate":"https:\/\/infirmierebievillebeuville.fr\/?s={search_term_string}"},"query-input":"required name=search_term_string"}],"inLanguage":"en-US"},{"@type":"WebPage","@id":"https:\/\/infirmierebievillebeuville.fr\/#webpage","url":"https:\/\/infirmierebievillebeuville.fr\/","name":"Cabinet infirmier - Bi\u00e9ville Beuville","isPartOf":{"@id":"https:\/\/infirmierebievillebeuville.fr\/#website"},"datePublished":"2017-06-13T04:11:50+00:00","dateModified":"2022-12-13T20:14:55+00:00","description":"Cabinet infirmier de Bi\u00e9ville-Beuville. Soins infirmiers \u00e0 domicile et au cabinet.","breadcrumb":{"@id":"https:\/\/infirmierebievillebeuville.fr\/#breadcrumb"},"inLanguage":"en-US","potentialAction":[{"@type":"ReadAction","target":["https:\/\/infirmierebievillebeuville.fr\/"]}]},{"@type":"BreadcrumbList","@id":"https:\/\/infirmierebievillebeuville.fr\/#breadcrumb","itemListElement":[{"@type":"ListItem","position":1,"name":"Home","item":"https:\/\/infirmierebievillebeuville.fr\/"},{"@type":"ListItem","position":2,"name":"Accueil"}]}]}},"_links":{"self":[{"href":"https:\/\/infirmierebievillebeuville.fr\/index.php?rest_route=\/wp\/v2\/pages\/476"}],"collection":[{"href":"https:\/\/infirmierebievillebeuville.fr\/index.php?rest_route=\/wp\/v2\/pages"}],"about":[{"href":"https:\/\/infirmierebievillebeuville.fr\/index.php?rest_route=\/wp\/v2\/types\/page"}],"author":[{"embeddable":true,"href":"https:\/\/infirmierebievillebeuville.fr\/index.php?rest_route=\/wp\/v2\/users\/1"}],"replies":[{"embeddable":true,"href":"https:\/\/infirmierebievillebeuville.fr\/index.php?rest_route=%2Fwp%2Fv2%2Fcomments&post=476"}],"version-history":[{"count":111,"href":"https:\/\/infirmierebievillebeuville.fr\/index.php?rest_route=\/wp\/v2\/pages\/476\/revisions"}],"predecessor-version":[{"id":724,"href":"https:\/\/infirmierebievillebeuville.fr\/index.php?rest_route=\/wp\/v2\/pages\/476\/revisions\/724"}],"wp:attachment":[{"href":"https:\/\/infirmierebievillebeuville.fr\/index.php?rest_route=%2Fwp%2Fv2%2Fmedia&parent=476"}],"curies":[{"name":"wp","href":"https:\/\/api.w.org\/{rel}","templated":true}]}}